{"id":9,"date":"2025-09-03T17:24:42","date_gmt":"2025-09-03T17:24:42","guid":{"rendered":"https:\/\/integrative-humantherapie.at\/?page_id=9"},"modified":"2026-04-12T11:45:05","modified_gmt":"2026-04-12T11:45:05","slug":"ueber-mich","status":"publish","type":"page","link":"https:\/\/integrative-humantherapie.at\/en\/ueber-mich\/","title":{"rendered":"About Me"},"content":{"rendered":"\n<blockquote class=\"wp-block-quote is-layout-flow wp-block-quote-is-layout-flow\" style=\"margin-top:0px;margin-bottom:0px;padding-top:5px;padding-bottom:5px\">\n<p class=\"has-text-align-center has-medium-font-size\">\u201eWir werden nicht vorfinden,<br>was an uns liegt,<br>in die Welt zu bringen.\u201c<\/p>\n\n\n\n<p class=\"has-text-align-center has-medium-font-size\">Markus Mirwald<\/p>\n\n\n\n<div style=\"height:5px\" aria-hidden=\"true\" class=\"wp-block-spacer\"><\/div>\n<\/blockquote>\n\n\n\n<div class=\"wp-block-columns is-layout-flex wp-container-core-columns-is-layout-28f84493 wp-block-columns-is-layout-flex\">\n<div class=\"wp-block-column is-layout-flow wp-block-column-is-layout-flow\" style=\"flex-basis:48%\">\n<figure class=\"wp-block-image aligncenter size-large has-custom-border\"><img loading=\"lazy\" decoding=\"async\" width=\"486\" height=\"1024\" src=\"https:\/\/integrative-humantherapie.at\/wp-content\/uploads\/2025\/10\/MG_7163-2_1000x2107-486x1024.jpg\" alt=\"Vero Loitzenbauer, Mitte 30, mit kurz rasierten hellbraunen Haaren, lachendem Gesicht, schwarzer Brille, blauem Hemd und Jean gehend auf Bl\u00e4tterboden in einer Allee\" class=\"wp-image-1150\" style=\"border-radius:19px\" srcset=\"https:\/\/integrative-humantherapie.at\/wp-content\/uploads\/2025\/10\/MG_7163-2_1000x2107-486x1024.jpg 486w, https:\/\/integrative-humantherapie.at\/wp-content\/uploads\/2025\/10\/MG_7163-2_1000x2107-142x300.jpg 142w, https:\/\/integrative-humantherapie.at\/wp-content\/uploads\/2025\/10\/MG_7163-2_1000x2107-768x1618.jpg 768w, https:\/\/integrative-humantherapie.at\/wp-content\/uploads\/2025\/10\/MG_7163-2_1000x2107-729x1536.jpg 729w, https:\/\/integrative-humantherapie.at\/wp-content\/uploads\/2025\/10\/MG_7163-2_1000x2107-972x2048.jpg 972w, https:\/\/integrative-humantherapie.at\/wp-content\/uploads\/2025\/10\/MG_7163-2_1000x2107.jpg 1000w\" sizes=\"auto, (max-width: 486px) 100vw, 486px\" \/><\/figure>\n<\/div>\n\n\n\n<div class=\"wp-block-column is-layout-flow wp-block-column-is-layout-flow\" style=\"flex-basis:52%\">\n<p>Bis zum Ende meiner 20er Jahre war ich eher ein verkopfter, \u201efunktionierender\u201c Mensch. Es folgten Jahre der intensiven Suche nach mir selbst und danach, wie ich in dieser Welt sein und leben m\u00f6chte. Und tats\u00e4chlich darf ich nun eine neue Lebensqualit\u00e4t erfahren. Mit Dankbarkeit, Demut und viel Freude begleite ich nun andere Menschen auf ihrem Weg. <br>Ich liebe die Natur, Lesen, Schreiben, Malen, authentische Begegnungen, philosophische Diskussionen und kleine Weltverbesserungsprojekte.<\/p>\n<\/div>\n<\/div>\n\n\n\n<p>Ich wurde, gemeinsam mit <a href=\"https:\/\/mutigehelden.de\/\" data-type=\"link\" data-id=\"https:\/\/mutigehelden.de\/\">Alexandra Mayr<\/a>, von <a href=\"https:\/\/www.andrea-schwiebert.de\/\" data-type=\"link\" data-id=\"https:\/\/www.andrea-schwiebert.de\/\">Andrea Schwiebert<\/a> f\u00fcr den Begabungslust-<bdo lang=\"en\" dir=\"ltr\">Podcast<\/bdo> <a href=\"https:\/\/creators.spotify.com\/pod\/profile\/begabungslust\/episodes\/Psychotherapie-fr-Hochbegabte-e3aq44a\">zum Thema Psychotherapie f\u00fcr Hochbegabte <bdo lang=\"en\" dir=\"ltr\">interview<\/bdo>t.<\/a><\/p>\n\n\n\n<div class=\"wp-block-group is-vertical is-layout-flex wp-container-core-group-is-layout-fe9cc265 wp-block-group-is-layout-flex\">\n<h2 class=\"wp-block-heading\" id=\"0-werdegang\">Werdegang<\/h2>\n\n\n\n<ul class=\"wp-block-list\">\n<li>Geboren Ende der 1980er Jahre<\/li>\n\n\n\n<li>Aufgewachsen im Salzburger Land<\/li>\n\n\n\n<li>Erster Ausbildungs- und Berufsweg in (theoretischer) Informatik (Dr. techn. 2017), mit Stationen in \u00d6sterreich, USA, Italien und Israel, 2006 &#8211; 2022<\/li>\n\n\n\n<li>Psychotherapie-Ausbildung bei APG und \u00d6AGG in Wien seit 2020<\/li>\n\n\n\n<li>Psychosoziale Betreuerin im teilbetreuten Wohnen KoMiT 2022 &#8211; 2024<\/li>\n\n\n\n<li>Psychotherapeutin in Ausbildung unter Supervision am Institut f\u00fcr Psychotherapie, Neuromed Campus, Kepler Universit\u00e4tsklinikum Linz, Juni &#8211; August 2025, Schwerpunkt Akutpsychiatrie<\/li>\n\n\n\n<li>Seit November 2025 selbstst\u00e4ndig als Psychotherapeutin in Ausbildung unter Supervision<\/li>\n<\/ul>\n<\/div>\n\n\n\n<div class=\"wp-block-group is-vertical is-layout-flex wp-container-core-group-is-layout-fe9cc265 wp-block-group-is-layout-flex\">\n<h2 class=\"wp-block-heading\" id=\"1-psychotherapeutische-fortbildungen\">Psychotherapeutische Fortbildungen<\/h2>\n\n\n\n<ul class=\"wp-block-list\">\n<li>Vielfalt von Geschlechtsvariationen (<bdo lang=\"fr\" dir=\"ltr\">Courage<\/bdo>\/\u00d6GS\/\u00d6BVP)<\/li>\n\n\n\n<li>Hoch- und H\u00f6chstbegabung (<a href=\"https:\/\/frauke-niehues.net\/\" data-type=\"link\" data-id=\"https:\/\/frauke-niehues.net\/\">Dipl.-Psych. Frauke Niehues<\/a>)<\/li>\n\n\n\n<li>Szenisches Arbeiten mit M\u00e4rchen und Tr\u00e4umen (Kolleg.ium IT \u00d6AGG)<\/li>\n\n\n\n<li>Autismus im Erwachsenenalter (Autistenhilfe, Dipl-Psych. Brit Wilczek, Dipl.-Psych. Nicolai Semmler)<\/li>\n\n\n\n<li>Kurz-Fortbildungen zu ADHS im Erwachsenenalter, <bdo lang=\"en\" dir=\"ltr\">Skills<\/bdo>training, Krisenintervention und Suizidpr\u00e4vention, Sucht, Pers\u00f6nlichkeitsst\u00f6rungen<\/li>\n\n\n\n<li><a href=\"https:\/\/www.der-richtige-zeitpunkt.at\/lesekreis\" data-type=\"link\" data-id=\"https:\/\/www.der-richtige-zeitpunkt.at\/lesekreis\">Lesekreis humanistische Psychotherapie und ph\u00e4nomenologische Psychopathologie<\/a><\/li>\n\n\n\n<li>Gemeinsam mit <a href=\"https:\/\/klangfarbenzeit.de\" data-type=\"link\" data-id=\"https:\/\/klangfarbenzeit.de\">Dr. Selma Emiroglu<\/a> moderiere ich einen regelm\u00e4\u00dfigen Online-Fachaustausch zu Autismus und ADHS bei Hochbegabten. Wenn Sie beruflich mit dieser Zielgruppe arbeiten, k\u00f6nnen Sie mich gerne bei Interesse kontaktieren.<\/li>\n<\/ul>\n<\/div>\n\n\n\n<div class=\"wp-block-columns is-not-stacked-on-mobile is-layout-flex wp-container-core-columns-is-layout-28f84493 wp-block-columns-is-layout-flex\">\n<div class=\"wp-block-column is-layout-flow wp-block-column-is-layout-flow\" style=\"flex-basis:30%\">\n<figure class=\"wp-block-image size-full\"><img loading=\"lazy\" decoding=\"async\" width=\"260\" height=\"242\" src=\"https:\/\/integrative-humantherapie.at\/wp-content\/uploads\/2025\/10\/koennen-macht-spass-zertifizierter-berater-web-260_x_242_px.jpg\" alt=\"Hoch- und H\u00f6chstbegabung - Zertifizierte Therapeut*in - K\u00f6nnen macht Spa\u00df Portal f\u00fcr Hoch- und H\u00f6chstbegabung\" class=\"wp-image-1241\"\/><\/figure>\n<\/div>\n\n\n\n<div class=\"wp-block-column is-layout-flow wp-block-column-is-layout-flow\" style=\"flex-basis:30%\">\n<figure class=\"wp-block-image size-full\"><img loading=\"lazy\" decoding=\"async\" width=\"260\" height=\"242\" src=\"https:\/\/integrative-humantherapie.at\/wp-content\/uploads\/2025\/10\/logo-alphagenius-mitglied-web-260_x_242_px.jpg\" alt=\"K\u00f6nnen macht Spa\u00df - Netzwerk f\u00fcr Hochbegabung - AlphaGenius Mitglied\" class=\"wp-image-1240\"\/><\/figure>\n<\/div>\n\n\n\n<div class=\"wp-block-column is-layout-flow wp-block-column-is-layout-flow\" style=\"flex-basis:40%\"><\/div>\n<\/div>\n\n\n\n<div class=\"wp-block-group is-vertical is-layout-flex wp-container-core-group-is-layout-fe9cc265 wp-block-group-is-layout-flex\">\n<h2 class=\"wp-block-heading\" id=\"2-praktika\">Praktika<\/h2>\n\n\n\n<ul class=\"wp-block-list\">\n<li>Akutpsychiatrie f\u00fcr Erwachsene, Klinik Floridsdorf, Wien<\/li>\n\n\n\n<li>Psychotherapeutische Ambulanz \u00d6AGG, Wien<\/li>\n\n\n\n<li>Leitung Selbsthilfegruppe schizophrener Formenkreis, Pro Mente Wien<\/li>\n\n\n\n<li>Pflege- und Betreuungszentrum V\u00f6sendorf<\/li>\n\n\n\n<li>Psychodrama-Gruppentherapie f\u00fcr Kinder und Jugendliche, Ph\u00f6nix-Zentrum, Wien<\/li>\n<\/ul>\n<\/div>\n\n\n\n<div class=\"wp-block-columns is-layout-flex wp-container-core-columns-is-layout-28f84493 wp-block-columns-is-layout-flex\">\n<div class=\"wp-block-column is-layout-flow wp-block-column-is-layout-flow\" style=\"flex-basis:33.33%\">\n<figure class=\"wp-block-image size-large is-style-rounded is-style-rounded--1\"><img loading=\"lazy\" decoding=\"async\" width=\"877\" height=\"1024\" src=\"https:\/\/integrative-humantherapie.at\/wp-content\/uploads\/2025\/10\/MG_7369-2_1000x1167-877x1024.jpg\" alt=\"Vero Loitzenbauer verspielt grinsend im blauen Hemd vor Wald\" class=\"wp-image-1152\" srcset=\"https:\/\/integrative-humantherapie.at\/wp-content\/uploads\/2025\/10\/MG_7369-2_1000x1167-877x1024.jpg 877w, https:\/\/integrative-humantherapie.at\/wp-content\/uploads\/2025\/10\/MG_7369-2_1000x1167-257x300.jpg 257w, https:\/\/integrative-humantherapie.at\/wp-content\/uploads\/2025\/10\/MG_7369-2_1000x1167-768x896.jpg 768w, https:\/\/integrative-humantherapie.at\/wp-content\/uploads\/2025\/10\/MG_7369-2_1000x1167.jpg 1000w\" sizes=\"auto, (max-width: 877px) 100vw, 877px\" \/><\/figure>\n\n\n\n<div style=\"height:1px\" aria-hidden=\"true\" class=\"wp-block-spacer\"><\/div>\n\n\n\n<figure class=\"wp-block-image size-large has-custom-border\"><img loading=\"lazy\" decoding=\"async\" width=\"1019\" height=\"1024\" src=\"https:\/\/integrative-humantherapie.at\/wp-content\/uploads\/2025\/09\/22.02.18-Vero-Weg-im-Wald-mit-Figur-1019x1024.jpg\" alt=\"Schemenhaft gemalenes Bild einer Figur mit aufgestellten Haaren vor einer Feuerstelle im Wald\" class=\"wp-image-736\" style=\"border-radius:19px\" srcset=\"https:\/\/integrative-humantherapie.at\/wp-content\/uploads\/2025\/09\/22.02.18-Vero-Weg-im-Wald-mit-Figur-1019x1024.jpg 1019w, https:\/\/integrative-humantherapie.at\/wp-content\/uploads\/2025\/09\/22.02.18-Vero-Weg-im-Wald-mit-Figur-300x300.jpg 300w, https:\/\/integrative-humantherapie.at\/wp-content\/uploads\/2025\/09\/22.02.18-Vero-Weg-im-Wald-mit-Figur-150x150.jpg 150w, https:\/\/integrative-humantherapie.at\/wp-content\/uploads\/2025\/09\/22.02.18-Vero-Weg-im-Wald-mit-Figur-768x772.jpg 768w, https:\/\/integrative-humantherapie.at\/wp-content\/uploads\/2025\/09\/22.02.18-Vero-Weg-im-Wald-mit-Figur-1529x1536.jpg 1529w, https:\/\/integrative-humantherapie.at\/wp-content\/uploads\/2025\/09\/22.02.18-Vero-Weg-im-Wald-mit-Figur-2038x2048.jpg 2038w\" sizes=\"auto, (max-width: 1019px) 100vw, 1019px\" \/><\/figure>\n\n\n\n<div style=\"height:1px\" aria-hidden=\"true\" class=\"wp-block-spacer\"><\/div>\n\n\n\n<figure class=\"wp-block-image aligncenter size-full has-custom-border\"><img loading=\"lazy\" decoding=\"async\" width=\"794\" height=\"930\" src=\"https:\/\/integrative-humantherapie.at\/wp-content\/uploads\/2025\/10\/IMG_20241009_114016_cropped-e1759690962580.jpg\" alt=\"\" class=\"wp-image-1143\" style=\"border-radius:19px\" srcset=\"https:\/\/integrative-humantherapie.at\/wp-content\/uploads\/2025\/10\/IMG_20241009_114016_cropped-e1759690962580.jpg 794w, https:\/\/integrative-humantherapie.at\/wp-content\/uploads\/2025\/10\/IMG_20241009_114016_cropped-e1759690962580-256x300.jpg 256w, https:\/\/integrative-humantherapie.at\/wp-content\/uploads\/2025\/10\/IMG_20241009_114016_cropped-e1759690962580-768x900.jpg 768w\" sizes=\"auto, (max-width: 794px) 100vw, 794px\" \/><\/figure>\n<\/div>\n\n\n\n<div class=\"wp-block-column is-layout-flow wp-block-column-is-layout-flow\" style=\"flex-basis:66.66%\">\n<blockquote class=\"wp-block-quote is-layout-flow wp-block-quote-is-layout-flow\" style=\"padding-top:0;padding-right:5px;padding-bottom:0;padding-left:5px\">\n<p class=\"has-text-align-center has-medium-font-size\"><bdo lang=\"en\" dir=\"ltr\">&#8222;Take the Funk and the Fire and Friction<br>Transform it all in me<br>I am my own magician<br>Making magic with my heartbeat<br>I see beauty all around me<br>I am blessed with all of this<br>I know pain and I know suffering<br>Human I am<\/bdo><br><br><bdo lang=\"en\" dir=\"ltr\">I&#8217;m Lovin&#8216; this life Lovin&#8216; this life as it is [&#8230;]<br>Receive the fullness,<br>Give what&#8217;s mine to give [&#8230;]<\/bdo><br><br><bdo lang=\"en\" dir=\"ltr\">Breathe me open, I am openin&#8216;<br>Season me with time<br>Pure devotion moves through me<br>A heart present and kind<br>And one day at a time, is all that I can live<br>I&#8217;m learnin&#8216; as a go, growin&#8216; each moment<\/bdo><\/p>\n\n\n\n<p class=\"has-text-align-center has-medium-font-size\"><bdo lang=\"en\" dir=\"ltr\">[&#8230;]&#8220;<\/bdo><\/p>\n\n\n\n<p class=\"has-text-align-center has-medium-font-size\"><bdo lang=\"en\" dir=\"ltr\">MaMuse &#8211; Funk, Fire and Friction<\/bdo><\/p>\n<\/blockquote>\n<\/div>\n<\/div>\n","protected":false},"excerpt":{"rendered":"<p>Bis zum Ende meiner 20er Jahre war ich eher ein verkopfter, \u201efunktionierender\u201c Mensch. Es folgten Jahre der intensiven Suche nach mir selbst und danach, wie ich in dieser Welt sein und leben m\u00f6chte. Und tats\u00e4chlich darf ich nun eine neue Lebensqualit\u00e4t erfahren. Mit Dankbarkeit, Demut und viel Freude begleite ich nun andere Menschen auf ihrem [&hellip;]<\/p>\n","protected":false},"author":1,"featured_media":0,"parent":0,"menu_order":0,"comment_status":"closed","ping_status":"closed","template":"","meta":{"footnotes":""},"class_list":["post-9","page","type-page","status-publish","hentry"],"featured_image_src":null,"_links":{"self":[{"href":"https:\/\/integrative-humantherapie.at\/en\/wp-json\/wp\/v2\/pages\/9","targetHints":{"allow":["GET"]}}],"collection":[{"href":"https:\/\/integrative-humantherapie.at\/en\/wp-json\/wp\/v2\/pages"}],"about":[{"href":"https:\/\/integrative-humantherapie.at\/en\/wp-json\/wp\/v2\/types\/page"}],"author":[{"embeddable":true,"href":"https:\/\/integrative-humantherapie.at\/en\/wp-json\/wp\/v2\/users\/1"}],"replies":[{"embeddable":true,"href":"https:\/\/integrative-humantherapie.at\/en\/wp-json\/wp\/v2\/comments?post=9"}],"version-history":[{"count":209,"href":"https:\/\/integrative-humantherapie.at\/en\/wp-json\/wp\/v2\/pages\/9\/revisions"}],"predecessor-version":[{"id":1352,"href":"https:\/\/integrative-humantherapie.at\/en\/wp-json\/wp\/v2\/pages\/9\/revisions\/1352"}],"wp:attachment":[{"href":"https:\/\/integrative-humantherapie.at\/en\/wp-json\/wp\/v2\/media?parent=9"}],"curies":[{"name":"wp","href":"https:\/\/api.w.org\/{rel}","templated":true}]}}