{"id":84,"date":"2025-09-03T18:42:03","date_gmt":"2025-09-03T18:42:03","guid":{"rendered":"https:\/\/integrative-humantherapie.at\/?page_id=84"},"modified":"2025-12-29T21:08:51","modified_gmt":"2025-12-29T21:08:51","slug":"datenschutzerklaerung","status":"publish","type":"page","link":"https:\/\/integrative-humantherapie.at\/en\/datenschutzerklaerung\/","title":{"rendered":"Privacy Policy"},"content":{"rendered":"<p>This privacy policy applies to data processing within the scope of this <bdo lang=\"en\" dir=\"ltr\">web<\/bdo>site. A data protection agreement for psychotherapy will be concluded during the initial psychotherapy consultation.<\/p>\n\n\n\n<h2 class=\"wp-block-heading\" id=\"0-verantwortliche-und-kontaktdaten\">Responsible Party and Contact Details<\/h2>\n\n\n\n<p>Responsible for data processing in accordance with the General Data Protection Regulation (GDPR):<br>Dr. Vero Loitzenbauer<br>Karmeliterplatz 5\/4<br>1020 Vienna<br>Austria<br><bdo lang=\"en\" dir=\"ltr\">e-mail<\/bdo>: <a href=\"mailto:praxis@integrative-humantherapie.at\">praxis@integrative-humantherapie.at<\/a><br>Telephone: <a href=\"tel:+4368181784842\">+43 681 817 84 842<\/a><\/p>\n\n\n\n<h2 class=\"wp-block-heading\" id=\"1-personenbezogene-daten-und-deren-verwendung\">Personal Data and its Use<\/h2>\n\n\n\n<p>I collect and process personal data only on the basis of legal regulations (GDPR, Telecommunications Act 2003).<\/p>\n\n\n\n<p>As soon as you access this <bdo lang=\"en\" dir=\"ltr\">web<\/bdo>site, your <bdo lang=\"en\" dir=\"ltr\">IP<\/bdo>-address, the start and end of your session are recorded. This is technically necessary and therefore constitutes a legitimate interest within the meaning of Article 6(1)(f) GDPR.&nbsp;<\/p>\n\n\n\n<p>If you contact me by telephone, via the contact form on the <bdo lang=\"en\" dir=\"ltr\">web<\/bdo>site, or by <bdo lang=\"en\" dir=\"ltr\">e-mail<\/bdo> , the data you provide will be stored for as long as absolutely necessary to process your request or in case of follow-up questions. Your data will not be shared with third parties without your consent.<\/p>\n\n\n\n<p>Please note that <bdo lang=\"en\" dir=\"ltr\">e-mails<\/bdo>, and therefore also the contact form, are not secure communication media without the use of special additional encryption software.<\/p>\n\n\n\n<p>This <bdo lang=\"en\" dir=\"ltr\">web<\/bdo>site only uses technically necessary <bdo lang=\"en\" dir=\"ltr\">cookies<\/bdo>, which do not contain any personal data.<\/p>\n\n\n\n<h2 class=\"wp-block-heading\" id=\"2-server-log-files\"><bdo lang=\"en\" dir=\"ltr\">Server-Log Files<\/bdo><\/h2>\n\n\n\n<p>This <bdo lang=\"en\" dir=\"ltr\">web<\/bdo>site and the associated <bdo lang=\"en\" dir=\"ltr\">provider<\/bdo> automatically collect information during <bdo lang=\"en\" dir=\"ltr\">web<\/bdo>site use in the form of so-called \"<bdo lang=\"en\" dir=\"ltr\">Server-Log Files<\/bdo>\". This includes, in particular:<\/p>\n\n\n\n<ul class=\"wp-block-list\">\n<li><bdo lang=\"en\" dir=\"ltr\">IP<\/bdo>-address or <bdo lang=\"en\" dir=\"ltr\">host<\/bdo>name<\/li>\n\n\n\n<li>browser <bdo lang=\"en\" dir=\"ltr\">used<\/bdo><\/li>\n\n\n\n<li>duration of visit to the <bdo lang=\"en\" dir=\"ltr\">web<\/bdo>site, including date and time<\/li>\n\n\n\n<li>pages visited on the <bdo lang=\"en\" dir=\"ltr\">web<\/bdo>site<\/li>\n\n\n\n<li>language settings and operating system<\/li>\n\n\n\n<li>\"<bdo lang=\"en\" dir=\"ltr\">leaving-page<\/bdo>\" (the <bdo lang=\"en\" dir=\"ltr\">URL<\/bdo> at which the user left the <bdo lang=\"en\" dir=\"ltr\">web<\/bdo>site)<\/li>\n\n\n\n<li><bdo lang=\"en\" dir=\"ltr\">ISP (Internet Service Provider)<\/bdo><\/li>\n<\/ul>\n\n\n\n<p>This collected information is not processed in a personally identifiable manner or linked to personally identifiable information.<\/p>\n\n\n\n<p>The <bdo lang=\"en\" dir=\"ltr\">web<\/bdo>site operator reserves the right to analyze or review this data in the event of any suspected illegal activity.<\/p>\n\n\n\n<h2 class=\"wp-block-heading\" id=\"3-auskunft-und-l%C3%B6schung\">Information and Deletion<\/h2>\n\n\n\n<p>As a data subject, you have the right to request information about your stored personal data, its origin, recipients, and the purpose of the data processing, as well as the right to rectification, data portability, objection, restriction of processing, and blocking or deletion of inaccurate or unlawfully processed data.&nbsp;<\/p>\n\n\n\n<p>If any of your personal data changes, please inform me accordingly.&nbsp;<\/p>\n\n\n\n<p>If you believe that my processing of your personal data violates applicable data protection law or that your data protection rights have been infringed in any other way, you have the right to lodge a complaint with the competent supervisory authority. In Austria, this is the \"Datenschutzbeh\u00f6rde\".<\/p>\n\n\n\n<h2 class=\"wp-block-heading\" id=\"4-datensicherheit\">Data Security<\/h2>\n\n\n\n<p>Your personal data is protected by appropriate organizational and technical measures. These measures include, in particular, protection against unauthorized, unlawful, or accidental access, processing, loss, use, and manipulation.<\/p>\n\n\n\n<p>Despite my efforts to maintain a consistently high level of security, I cannot guarantee that information you transmit to me via the internet will not be viewed and used by others. Please note in particular that <bdo lang=\"en\" dir=\"ltr\">e-mails<\/bdo>, and therefore also the contact form, are not secure communication media without the use of special additional encryption software.<\/p>\n\n\n\n<p>Therefore, I assume no liability whatsoever for the disclosure of information due to errors in data transmission not caused by me and\/or unauthorized access by third parties (e.g., <bdo lang=\"en\" dir=\"ltr\">hacking<\/bdo>-attack on <bdo lang=\"en\" dir=\"ltr\">e-mail account<\/bdo> or telephone).<\/p>\n\n\n\n<h2 class=\"wp-block-heading\" id=\"5-bekanntgabe-von-datenpannen\">Notification of Data Breaches<\/h2>\n\n\n\n<p>I am committed to ensuring that data breaches are detected early and, if necessary, reported to you and\/or the relevant supervisory authority without delay, including details of the data categories affected.<\/p>\n\n\n\n<h2 class=\"wp-block-heading\" id=\"6-quellhinweis\">Source<\/h2>\n\n\n\n<p>This privacy policy uses elements from templates provided by <a href=\"https:\/\/www.fairesrecht.at\/kostenlos-datenschutzerklaerung-erstellen-generator.php\" data-type=\"link\" data-id=\"https:\/\/www.fairesrecht.at\/kostenlos-datenschutzerklaerung-erstellen-generator.php\">Datenschutzgenerator \u00d6sterreich (in German)<\/a> and the Austrian Association of Psychologists.<\/p>","protected":false},"excerpt":{"rendered":"<p>Diese Datenschutzerkl\u00e4rung bezieht sich auf die Datenverarbeitung im Rahmen dieser Webseite. Im Zuge des psychotherapeutischen Erstgespr\u00e4chs wird eine Datenschutzvereinbarung f\u00fcr die Psychotherapie abgeschlossen. Verantwortliche und Kontaktdaten Verantwortliche f\u00fcr die Datenverarbeitung gem\u00e4\u00df Datenschutzgrundverordnung (DSGVO):Dr. Vero LoitzenbauerKarmeliterplatz 5\/41020 Wien\u00d6sterreichE-Mail: praxis@integrative-humantherapie.atTelefon: +43 681 817 84 842 Personenbezogene Daten und deren Verwendung Ich erhebe und verarbeite personenbezogene Daten nur [&hellip;]<\/p>\n","protected":false},"author":1,"featured_media":0,"parent":0,"menu_order":0,"comment_status":"closed","ping_status":"closed","template":"","meta":{"footnotes":""},"class_list":["post-84","page","type-page","status-publish","hentry"],"featured_image_src":null,"_links":{"self":[{"href":"https:\/\/integrative-humantherapie.at\/en\/wp-json\/wp\/v2\/pages\/84","targetHints":{"allow":["GET"]}}],"collection":[{"href":"https:\/\/integrative-humantherapie.at\/en\/wp-json\/wp\/v2\/pages"}],"about":[{"href":"https:\/\/integrative-humantherapie.at\/en\/wp-json\/wp\/v2\/types\/page"}],"author":[{"embeddable":true,"href":"https:\/\/integrative-humantherapie.at\/en\/wp-json\/wp\/v2\/users\/1"}],"replies":[{"embeddable":true,"href":"https:\/\/integrative-humantherapie.at\/en\/wp-json\/wp\/v2\/comments?post=84"}],"version-history":[{"count":41,"href":"https:\/\/integrative-humantherapie.at\/en\/wp-json\/wp\/v2\/pages\/84\/revisions"}],"predecessor-version":[{"id":1295,"href":"https:\/\/integrative-humantherapie.at\/en\/wp-json\/wp\/v2\/pages\/84\/revisions\/1295"}],"wp:attachment":[{"href":"https:\/\/integrative-humantherapie.at\/en\/wp-json\/wp\/v2\/media?parent=84"}],"curies":[{"name":"wp","href":"https:\/\/api.w.org\/{rel}","templated":true}]}}