{"id":81,"date":"2025-09-03T18:41:47","date_gmt":"2025-09-03T18:41:47","guid":{"rendered":"https:\/\/integrative-humantherapie.at\/?page_id=81"},"modified":"2025-12-29T19:46:15","modified_gmt":"2025-12-29T19:46:15","slug":"impressum","status":"publish","type":"page","link":"https:\/\/integrative-humantherapie.at\/en\/impressum\/","title":{"rendered":"Imprint"},"content":{"rendered":"<p>Disclosure according to&nbsp;<a href=\"https:\/\/www.ris.bka.gv.at\/NormDokument.wxe?Abfrage=Bundesnormen&amp;Gesetzesnummer=10000719&amp;Artikel=&amp;Paragraf=25&amp;Anlage=&amp;Uebergangsrecht=\" data-type=\"link\" data-id=\"https:\/\/www.ris.bka.gv.at\/GeltendeFassung.wxe?Abfrage=Bundesnormen&amp;Gesetzesnummer=10000719\" target=\"_blank\" rel=\"noreferrer noopener\">\u00a725 Mediengesetz (in German).<\/a><\/p>\n\n\n\n<h2 class=\"wp-block-heading\">Media Owner<\/h2>\n\n\n\n<p>Dr. Vero Loitzenbauer<br>Karmeliterplatz 5\/4<br>1020 Vienna<br>Austria<br>Telephone: +43 681 817 84 842<br><bdo lang=\"en\" dir=\"ltr\">e-mail<\/bdo>: praxis@integrative-humantherapie.at<\/p>\n\n\n\n<p>Psychotherapist in training under supervision (according to Austrian law)<\/p>\n\n\n\n<h2 class=\"wp-block-heading\">Business Purpose<\/h2>\n\n\n\n<p>Psychotherapy<\/p>\n\n\n\n<h2 class=\"wp-block-heading\">Supervisory Authority<\/h2>\n\n\n\n<p><a href=\"https:\/\/www.sozialministerium.gv.at\/\" data-type=\"link\" data-id=\"https:\/\/www.sozialministerium.gv.at\/\">Austrian ministry for work, social affairs, health, care and consumer protection<\/a><\/p>\n\n\n\n<h2 class=\"wp-block-heading\">Legal Basis<\/h2>\n\n\n\n<p>The professional regulations are the <a href=\"https:\/\/www.ris.bka.gv.at\/GeltendeFassung.wxe?Abfrage=Bundesnormen&amp;Gesetzesnummer=10010620\" data-type=\"link\" data-id=\"https:\/\/www.ris.bka.gv.at\/GeltendeFassung.wxe?Abfrage=Bundesnormen&amp;Gesetzesnummer=10010620\">psychotherapy law (in German) <\/a>and <a href=\"https:\/\/www.sozialministerium.gv.at\/Themen\/Gesundheit\/Medizin-und-Gesundheitsberufe\/Berufe-A-bis-Z%2C-Berufslisten-und-Gesundheitsberuferegister.html\" data-type=\"link\" data-id=\"https:\/\/www.sozialministerium.gv.at\/Themen\/Gesundheit\/Medizin-und-Gesundheitsberufe\/Berufe-A-bis-Z%2C-Berufslisten-und-Gesundheitsberuferegister.html\">the supplementary guidelines of the supervisory authority, such as the professional code of conduct.<\/a><\/p>\n\n\n\n<h2 class=\"wp-block-heading\">Legal Disclaimer<\/h2>\n\n\n\n<p>This <bdo lang=\"en\" dir=\"ltr\">web<\/bdo>site contains links to external <bdo lang=\"en\" dir=\"ltr\">web<\/bdo>sites. The respective providers of the linked pages are always responsible for their content. At the time the links were created, no illegal content was apparent on the linked pages. However, continuous monitoring of the content of linked pages is not reasonable without concrete evidence of a legal violation. If any of the linked pages contain objectionable content, please notify me. In such a case, the link will be removed immediately.<\/p>\n\n\n\n<h2 class=\"wp-block-heading\">Copyright and Image Sources<\/h2>\n\n\n\n<p>Texts, images and graphics are subject to copyright protection and other protective laws, unless otherwise stated.<\/p>\n\n\n\n<ul class=\"wp-block-list\">\n<li>Photograph of practice: Karoline Peter<\/li>\n\n\n\n<li>Photograph of hands in rainbow colors: <bdo lang=\"en\" dir=\"ltr\"><a href=\"https:\/\/www.flickr.com\/photos\/queereaster\/323288420\/\" data-type=\"link\" data-id=\"https:\/\/www.flickr.com\/photos\/queereaster\/323288420\/\">Flickr user queereaster<\/a>, <a href=\"https:\/\/creativecommons.org\/licenses\/by\/2.0\/\" data-type=\"link\" data-id=\"https:\/\/creativecommons.org\/licenses\/by\/2.0\/\">CC BY 2.0<\/a><\/bdo>, changes: rounded off the corners and <bdo lang=\"en\" dir=\"ltr\">added copyright<\/bdo>note<\/li>\n\n\n\n<li>Photographs of Vero Loitzenbauer: Ronny Kohl<\/li>\n\n\n\n<li>Logo: Created with AI assistance, to the best of my knowledge and belief does not infringe any copyright; please notify me if it does.<\/li>\n\n\n\n<li>All other photographs: Vero Loitzenbauer<\/li>\n<\/ul>\n\n\n\n<h2 class=\"wp-block-heading\">Complaints Office<\/h2>\n\n\n\n<p>You can address any complaints to the above-mentioned <bdo lang=\"en\" dir=\"ltr\">e-mail<\/bdo>-address. Consumers additionally have the possibility to direct complaints <a href=\"https:\/\/consumer-redress.ec.europa.eu\/index_de\" data-type=\"link\" data-id=\"https:\/\/consumer-redress.ec.europa.eu\/index_de\">to <bdo lang=\"en\" dir=\"ltr\">the consumer<\/bdo>-redress of the European Union.<\/a><\/p>","protected":false},"excerpt":{"rendered":"<p>Offenlegung \u200bgem\u00e4\u00df&nbsp;\u00a725 Mediengesetz. Medieninhaberin Dr. Vero LoitzenbauerKarmeliterplatz 5\/41020 Wien\u00d6sterreichTelefon: +43 681 817 84 842E-Mail: praxis@integrative-humantherapie.at Psychotherapeutin in Ausbildung unter Supervision (nach \u00f6sterreichischem Recht) Unternehmensgegenstand Psychotherapie Aufsichtsbeh\u00f6rde \u00d6sterreichisches Bundesministerium f\u00fcr Arbeit, Soziales, Gesundheit, Pflege und Konsumentenschutz Gesetzliche Grundlage Die berufsrechtliche Vorschrift ist das Psychotherapiegesetz sowie die erg\u00e4nzenden Richtlinien der Aufsichtsbeh\u00f6rde wie der Berufskodex. Haftungsausschluss Diese Webseite [&hellip;]<\/p>\n","protected":false},"author":1,"featured_media":0,"parent":0,"menu_order":0,"comment_status":"closed","ping_status":"closed","template":"","meta":{"footnotes":""},"class_list":["post-81","page","type-page","status-publish","hentry"],"featured_image_src":null,"_links":{"self":[{"href":"https:\/\/integrative-humantherapie.at\/en\/wp-json\/wp\/v2\/pages\/81","targetHints":{"allow":["GET"]}}],"collection":[{"href":"https:\/\/integrative-humantherapie.at\/en\/wp-json\/wp\/v2\/pages"}],"about":[{"href":"https:\/\/integrative-humantherapie.at\/en\/wp-json\/wp\/v2\/types\/page"}],"author":[{"embeddable":true,"href":"https:\/\/integrative-humantherapie.at\/en\/wp-json\/wp\/v2\/users\/1"}],"replies":[{"embeddable":true,"href":"https:\/\/integrative-humantherapie.at\/en\/wp-json\/wp\/v2\/comments?post=81"}],"version-history":[{"count":40,"href":"https:\/\/integrative-humantherapie.at\/en\/wp-json\/wp\/v2\/pages\/81\/revisions"}],"predecessor-version":[{"id":1287,"href":"https:\/\/integrative-humantherapie.at\/en\/wp-json\/wp\/v2\/pages\/81\/revisions\/1287"}],"wp:attachment":[{"href":"https:\/\/integrative-humantherapie.at\/en\/wp-json\/wp\/v2\/media?parent=81"}],"curies":[{"name":"wp","href":"https:\/\/api.w.org\/{rel}","templated":true}]}}