{"id":66,"date":"2025-09-03T18:14:08","date_gmt":"2025-09-03T18:14:08","guid":{"rendered":"https:\/\/integrative-humantherapie.at\/?page_id=66"},"modified":"2026-03-10T06:28:10","modified_gmt":"2026-03-10T06:28:10","slug":"willkommen","status":"publish","type":"page","link":"https:\/\/integrative-humantherapie.at\/en\/","title":{"rendered":"Welcome!"},"content":{"rendered":"<blockquote class=\"wp-block-quote is-layout-flow wp-block-quote-is-layout-flow\" style=\"margin-top:0px;margin-bottom:0px;padding-top:5px;padding-bottom:5px\">\n<p class=\"has-text-align-center has-medium-font-size\">\"The stigma of mental illness is still the most pressing obstacle to recovery.<br>Compassion, knowledge, and treatment open the way.\"<\/p>\n\n\n\n<p class=\"has-text-align-center has-medium-font-size\"><bdo lang=\"en\" dir=\"ltr\">Kay Redfield Jamison<\/bdo><\/p>\n<\/blockquote>\n\n\n\n<figure class=\"wp-block-image size-large is-style-rounded is-style-rounded--1\"><img loading=\"lazy\" decoding=\"async\" width=\"1024\" height=\"682\" src=\"https:\/\/integrative-humantherapie.at\/wp-content\/uploads\/2025\/10\/MG_7361-2_2000x1333-1024x682.jpg\" alt=\"Vero Loitzenbauer, Mitte 30, mit freundlichem, offenem L\u00e4cheln, kurzrasierten hellbraunen Haaren, schwarzer Brille und dunkelblauem Hemd vor Wald\" class=\"wp-image-1145\" srcset=\"https:\/\/integrative-humantherapie.at\/wp-content\/uploads\/2025\/10\/MG_7361-2_2000x1333-1024x682.jpg 1024w, https:\/\/integrative-humantherapie.at\/wp-content\/uploads\/2025\/10\/MG_7361-2_2000x1333-300x200.jpg 300w, https:\/\/integrative-humantherapie.at\/wp-content\/uploads\/2025\/10\/MG_7361-2_2000x1333-768x512.jpg 768w, https:\/\/integrative-humantherapie.at\/wp-content\/uploads\/2025\/10\/MG_7361-2_2000x1333-1536x1024.jpg 1536w, https:\/\/integrative-humantherapie.at\/wp-content\/uploads\/2025\/10\/MG_7361-2_2000x1333.jpg 2000w\" sizes=\"auto, (max-width: 1024px) 100vw, 1024px\" \/><\/figure>\n\n\n\n<p>As psychotherapist in training under supervision I offer you professional support in difficult life situations and in cases of psychological or psychosomatic suffering.<\/p>\n\n\n\n<div class=\"wp-block-group is-vertical is-layout-flex wp-container-core-group-is-layout-e71051b8 wp-block-group-is-layout-flex\" style=\"padding-top:0;padding-bottom:0\">\n<p>I offer individual and group therapy for adults and teenagers aged 16 and over in Vienna and M\u00f6dling. With my offer, I would like to appeal, among others, to people who see themselves as or suspect themselves to be<\/p>\n\n\n\n<ul class=\"wp-block-list\">\n<li>gifted, exceptionally gifted, highly sensitive, neurodivergent, autistic and\/or<\/li>\n\n\n\n<li><bdo lang=\"en\" dir=\"ltr\">LGBTIAQ+<\/bdo> (lesbian, gay, bisexual, trans<bdo lang=\"en\" dir=\"ltr\">gender<\/bdo>, intersex, asexual\/aromantic\/a<bdo lang=\"en\" dir=\"ltr\">gender<\/bdo>, <bdo lang=\"en\" dir=\"ltr\">queer<\/bdo>, non-binary, ...)<\/li>\n<\/ul>\n\n\n\n<p>My most important additional trainings can be found at <a href=\"https:\/\/integrative-humantherapie.at\/en\/ueber-mich\/\" data-type=\"page\" data-id=\"9\">About Me.<\/a><\/p>\n<\/div>\n\n\n\n<div class=\"wp-block-group is-vertical is-layout-flex wp-container-core-group-is-layout-30a70405 wp-block-group-is-layout-flex\">\n<p>My approach to therapy is<\/p>\n\n\n\n<ul class=\"wp-block-list\">\n<li>holistic,<\/li>\n\n\n\n<li>adapted to your individual needs,<\/li>\n\n\n\n<li>and meeting you as a human at eye level.<\/li>\n<\/ul>\n\n\n\n<p>More details to my approach can be found at <a href=\"https:\/\/integrative-humantherapie.at\/en\/integrative-therapie\/\" data-type=\"page\" data-id=\"11\">Integrative Therapy.<\/a><\/p>\n<\/div>\n\n\n\n<div class=\"wp-block-group is-vertical is-layout-flex wp-container-core-group-is-layout-30a70405 wp-block-group-is-layout-flex\">\n<p>It is important to me that you feel safe and are able to open up to me. To provide you with a protected environment, I pay attention to<\/p>\n\n\n\n<ul class=\"wp-block-list\">\n<li>strict confidentiality,<\/li>\n\n\n\n<li>professional quality assurance,<\/li>\n\n\n\n<li>consideration of you needs and restrictions,<\/li>\n\n\n\n<li>and space for feedback and open communication.<\/li>\n<\/ul>\n\n\n\n<p>More details about the therapeutic framework can be found at <a href=\"https:\/\/integrative-humantherapie.at\/en\/rahmenbedingungen\/\" data-type=\"page\" data-id=\"13\">Procedure &amp; Costs.<\/a><\/p>\n<\/div>\n\n\n\n<p>I am looking forward to <a href=\"https:\/\/integrative-humantherapie.at\/en\/kontakt\/\" data-type=\"page\" data-id=\"18\">hearing from you!<\/a><br>Vero Loitzenbauer<br><\/p>","protected":false},"excerpt":{"rendered":"<p>\u201eDas Stigma psychischer Erkrankungen ist nach wie vor das gr\u00f6\u00dfte Hindernis f\u00fcr Genesung.Mit Mitgef\u00fchl, Wissen und Behandlung \u00f6ffnet sich der Weg.\u201c Kay Redfield Jamison Als Psychotherapeutin in Ausbildung unter Supervision biete ich Ihnen professionelle Unterst\u00fctzung in belastenden Lebenssituationen und bei psychischen und psychosomatischen Leidenszust\u00e4nden. Ich biete Einzel- und Gruppentherapie f\u00fcr Erwachsene und \u00e4ltere Jugendliche in [&hellip;]<\/p>\n","protected":false},"author":1,"featured_media":0,"parent":0,"menu_order":0,"comment_status":"closed","ping_status":"closed","template":"","meta":{"footnotes":""},"class_list":["post-66","page","type-page","status-publish","hentry"],"featured_image_src":null,"_links":{"self":[{"href":"https:\/\/integrative-humantherapie.at\/en\/wp-json\/wp\/v2\/pages\/66","targetHints":{"allow":["GET"]}}],"collection":[{"href":"https:\/\/integrative-humantherapie.at\/en\/wp-json\/wp\/v2\/pages"}],"about":[{"href":"https:\/\/integrative-humantherapie.at\/en\/wp-json\/wp\/v2\/types\/page"}],"author":[{"embeddable":true,"href":"https:\/\/integrative-humantherapie.at\/en\/wp-json\/wp\/v2\/users\/1"}],"replies":[{"embeddable":true,"href":"https:\/\/integrative-humantherapie.at\/en\/wp-json\/wp\/v2\/comments?post=66"}],"version-history":[{"count":70,"href":"https:\/\/integrative-humantherapie.at\/en\/wp-json\/wp\/v2\/pages\/66\/revisions"}],"predecessor-version":[{"id":1326,"href":"https:\/\/integrative-humantherapie.at\/en\/wp-json\/wp\/v2\/pages\/66\/revisions\/1326"}],"wp:attachment":[{"href":"https:\/\/integrative-humantherapie.at\/en\/wp-json\/wp\/v2\/media?parent=66"}],"curies":[{"name":"wp","href":"https:\/\/api.w.org\/{rel}","templated":true}]}}