{"id":11,"date":"2025-09-03T17:22:49","date_gmt":"2025-09-03T17:22:49","guid":{"rendered":"https:\/\/integrative-humantherapie.at\/?page_id=11"},"modified":"2025-12-29T21:09:29","modified_gmt":"2025-12-29T21:09:29","slug":"integrative-therapie","status":"publish","type":"page","link":"https:\/\/integrative-humantherapie.at\/en\/integrative-therapie\/","title":{"rendered":"Integrative Therapy"},"content":{"rendered":"<blockquote class=\"wp-block-quote has-medium-font-size is-layout-flow wp-block-quote-is-layout-flow\" style=\"margin-top:0px;margin-bottom:0px;padding-top:5px;padding-bottom:5px\">\n<p class=\"has-text-align-center has-medium-font-size\">\"The times are urgent; let us slow down.<br>Healing is not about returning to how things were,<br>but about finding new ways of being together.\"<\/p>\n\n\n\n<p class=\"has-text-align-center has-medium-font-size\">B\u00e1y\u00f2 Ak\u00f3mol\u00e1f\u00e9<\/p>\n\n\n\n<div style=\"height:5px\" aria-hidden=\"true\" class=\"wp-block-spacer\"><\/div>\n<\/blockquote>\n\n\n\n<p>Integrative Therapy is a recognized psychotherapy method in Austria and belongs to the so-called humanistic <bdo lang=\"en\" dir=\"ltr\">cluster<\/bdo>. <a href=\"https:\/\/www.psychotherapie.at\/patientinnen\/ueber-psychotherapie\" data-type=\"link\" data-id=\"https:\/\/www.psychotherapie.at\/patientinnen\/ueber-psychotherapie\">More about psychotherapy in Austria can be found here.<\/a><\/p>\n\n\n\n<p>Integrative therapy views therapy as a collaborative process between you, as the expert on your own life, and me, as an expert in psychotherapy. Therefore, I focus on your therapy goals and shape the therapeutic process in ongoing dialogue with you. Together, we explore your current life situation and its origins, and discover possibilities for change. My compassionate, supportive approach and the therapeutic framework enable you to experience a new quality of emotional support and try out new behaviors.<\/p>\n\n\n\n<figure class=\"wp-block-image aligncenter size-full is-style-rounded is-style-rounded--1\"><img loading=\"lazy\" decoding=\"async\" width=\"2000\" height=\"1000\" src=\"https:\/\/integrative-humantherapie.at\/wp-content\/uploads\/2025\/09\/IMG_20240507_161518_2000x1000.jpg\" alt=\"Nachtfalter auf Stroh sitzend\" class=\"wp-image-862\" style=\"object-fit:cover\" srcset=\"https:\/\/integrative-humantherapie.at\/wp-content\/uploads\/2025\/09\/IMG_20240507_161518_2000x1000.jpg 2000w, https:\/\/integrative-humantherapie.at\/wp-content\/uploads\/2025\/09\/IMG_20240507_161518_2000x1000-300x150.jpg 300w, https:\/\/integrative-humantherapie.at\/wp-content\/uploads\/2025\/09\/IMG_20240507_161518_2000x1000-1024x512.jpg 1024w, https:\/\/integrative-humantherapie.at\/wp-content\/uploads\/2025\/09\/IMG_20240507_161518_2000x1000-768x384.jpg 768w, https:\/\/integrative-humantherapie.at\/wp-content\/uploads\/2025\/09\/IMG_20240507_161518_2000x1000-1536x768.jpg 1536w\" sizes=\"auto, (max-width: 2000px) 100vw, 2000px\" \/><\/figure>\n\n\n\n<div class=\"wp-block-group is-vertical is-layout-flex wp-container-core-group-is-layout-30a70405 wp-block-group-is-layout-flex\">\n<p>Integrative therapy aims to consider the person holistically. Therefore, in addition to thoughts and feelings, individually tailored to you and by mutual agreement, therapy can also address topics such as<\/p>\n\n\n\n<ul class=\"wp-block-list\">\n<li>your body,<\/li>\n\n\n\n<li>your social environment,<\/li>\n\n\n\n<li>your material living conditions,<\/li>\n\n\n\n<li>societal conditions and global developments,<\/li>\n\n\n\n<li>your values and your questions about meaning,<\/li>\n\n\n\n<li>your dreams and your spiritual experiences.<\/li>\n<\/ul>\n\n\n<\/div>\n\n\n\n<div class=\"wp-block-group is-vertical is-layout-flex wp-container-core-group-is-layout-30a70405 wp-block-group-is-layout-flex\">\n<p>There is the possibility to work with elements such as<\/p>\n\n\n\n<ul class=\"wp-block-list\">\n<li>painting,<\/li>\n\n\n\n<li>writing,<\/li>\n\n\n\n<li>role plays,<\/li>\n\n\n\n<li>constellations of objects,<\/li>\n\n\n\n<li>experience of nature,<\/li>\n\n\n\n<li>imaginations,<\/li>\n\n\n\n<li>practical exercises,<\/li>\n\n\n\n<li>and movement, posture and body awareness.<\/li>\n<\/ul>\n\n\n<\/div>\n\n\n\n<p><a href=\"https:\/\/integrativetherapie.oeagg.at\/methode\/\" data-type=\"link\" data-id=\"https:\/\/integrativetherapie.oeagg.at\/methode\/\">You can find background information about Integrative Therapy here.<\/a><\/p>\n\n\n\n<figure class=\"wp-block-image aligncenter size-full is-style-rounded is-style-rounded--2\"><img loading=\"lazy\" decoding=\"async\" width=\"2000\" height=\"1354\" src=\"https:\/\/integrative-humantherapie.at\/wp-content\/uploads\/2025\/09\/20.08.17-Schutzhuelle-im-Wellengang-A2-Gouache.jpg\" alt=\"Gemalenes Bild zweier angedeuteter Figuren, die in einer sch\u00fctzenden H\u00fclle unter Sonnenschein auf Wasser treiben.\" class=\"wp-image-866\" style=\"object-fit:cover\" srcset=\"https:\/\/integrative-humantherapie.at\/wp-content\/uploads\/2025\/09\/20.08.17-Schutzhuelle-im-Wellengang-A2-Gouache.jpg 2000w, https:\/\/integrative-humantherapie.at\/wp-content\/uploads\/2025\/09\/20.08.17-Schutzhuelle-im-Wellengang-A2-Gouache-300x203.jpg 300w, https:\/\/integrative-humantherapie.at\/wp-content\/uploads\/2025\/09\/20.08.17-Schutzhuelle-im-Wellengang-A2-Gouache-1024x693.jpg 1024w, https:\/\/integrative-humantherapie.at\/wp-content\/uploads\/2025\/09\/20.08.17-Schutzhuelle-im-Wellengang-A2-Gouache-768x520.jpg 768w, https:\/\/integrative-humantherapie.at\/wp-content\/uploads\/2025\/09\/20.08.17-Schutzhuelle-im-Wellengang-A2-Gouache-1536x1040.jpg 1536w\" sizes=\"auto, (max-width: 2000px) 100vw, 2000px\" \/><\/figure>","protected":false},"excerpt":{"rendered":"<p>Die Integrative Therapie ist ein in \u00d6sterreich anerkanntes Psychotherapieverfahren und geh\u00f6rt zum sogenannten humanistischen Cluster. Mehr zur Psychotherapie in \u00d6sterreich k\u00f6nnen Sie hier nachlesen. Die Integrative Therapie sieht Therapie als gemeinsamen Prozess zwischen Ihnen als Expert*in f\u00fcr Ihr Leben und mir als Expertin f\u00fcr Psychotherapie. Ich orientiere mich daher an Ihren Therapiezielen und gestalte den [&hellip;]<\/p>\n","protected":false},"author":1,"featured_media":0,"parent":0,"menu_order":0,"comment_status":"closed","ping_status":"closed","template":"","meta":{"footnotes":""},"class_list":["post-11","page","type-page","status-publish","hentry"],"featured_image_src":null,"_links":{"self":[{"href":"https:\/\/integrative-humantherapie.at\/en\/wp-json\/wp\/v2\/pages\/11","targetHints":{"allow":["GET"]}}],"collection":[{"href":"https:\/\/integrative-humantherapie.at\/en\/wp-json\/wp\/v2\/pages"}],"about":[{"href":"https:\/\/integrative-humantherapie.at\/en\/wp-json\/wp\/v2\/types\/page"}],"author":[{"embeddable":true,"href":"https:\/\/integrative-humantherapie.at\/en\/wp-json\/wp\/v2\/users\/1"}],"replies":[{"embeddable":true,"href":"https:\/\/integrative-humantherapie.at\/en\/wp-json\/wp\/v2\/comments?post=11"}],"version-history":[{"count":108,"href":"https:\/\/integrative-humantherapie.at\/en\/wp-json\/wp\/v2\/pages\/11\/revisions"}],"predecessor-version":[{"id":1297,"href":"https:\/\/integrative-humantherapie.at\/en\/wp-json\/wp\/v2\/pages\/11\/revisions\/1297"}],"wp:attachment":[{"href":"https:\/\/integrative-humantherapie.at\/en\/wp-json\/wp\/v2\/media?parent=11"}],"curies":[{"name":"wp","href":"https:\/\/api.w.org\/{rel}","templated":true}]}}